{"id":12196,"date":"2020-05-06T09:29:03","date_gmt":"2020-05-06T19:29:03","guid":{"rendered":"https:\/\/tamariipointedespecheurs.org\/?page_id=12196"},"modified":"2026-03-27T16:17:55","modified_gmt":"2026-03-28T02:17:55","slug":"contact","status":"publish","type":"page","link":"https:\/\/tamariipointedespecheurs.org\/index.php\/contact\/","title":{"rendered":"Contact"},"content":{"rendered":"\t\t<div data-elementor-type=\"wp-page\" data-elementor-id=\"12196\" class=\"elementor elementor-12196\">\n\t\t\t\t\t\t<section class=\"elementor-section elementor-top-section elementor-element elementor-element-579f0a5 elementor-section-boxed elementor-section-height-default elementor-section-height-default\" data-id=\"579f0a5\" data-element_type=\"section\" data-e-type=\"section\">\n\t\t\t\t\t\t<div class=\"elementor-container elementor-column-gap-default\">\n\t\t\t\t\t<div class=\"elementor-column elementor-col-100 elementor-top-column elementor-element elementor-element-8bdba04\" data-id=\"8bdba04\" data-element_type=\"column\" data-e-type=\"column\">\n\t\t\t<div class=\"elementor-widget-wrap elementor-element-populated\">\n\t\t\t\t\t\t<div class=\"elementor-element elementor-element-cbf9a36 elementor-widget elementor-widget-heading\" data-id=\"cbf9a36\" data-element_type=\"widget\" data-e-type=\"widget\" data-widget_type=\"heading.default\">\n\t\t\t\t<div class=\"elementor-widget-container\">\n\t\t\t\t\t<h2 class=\"elementor-heading-title elementor-size-medium\">Pour plus d'informations, demandez :<\/h2>\t\t\t\t<\/div>\n\t\t\t\t<\/div>\n\t\t\t\t\t<\/div>\n\t\t<\/div>\n\t\t\t\t\t<\/div>\n\t\t<\/section>\n\t\t\t\t<section class=\"elementor-section elementor-top-section elementor-element elementor-element-b7cadf8 elementor-section-boxed elementor-section-height-default elementor-section-height-default\" data-id=\"b7cadf8\" data-element_type=\"section\" data-e-type=\"section\">\n\t\t\t\t\t\t<div class=\"elementor-container elementor-column-gap-default\">\n\t\t\t\t\t<div class=\"elementor-column elementor-col-50 elementor-top-column elementor-element elementor-element-b148e78\" data-id=\"b148e78\" data-element_type=\"column\" data-e-type=\"column\">\n\t\t\t<div class=\"elementor-widget-wrap elementor-element-populated\">\n\t\t\t\t\t\t<div class=\"elementor-element elementor-element-736d1ed elementor-widget elementor-widget-text-editor\" data-id=\"736d1ed\" data-element_type=\"widget\" data-e-type=\"widget\" data-widget_type=\"text-editor.default\">\n\t\t\t\t<div class=\"elementor-widget-container\">\n\t\t\t\t\t\t\t\t\t<ul style=\"font-variant-ligatures: normal; font-variant-caps: normal; font-family: Lato; font-size: 15px; font-style: normal;\"><li style=\"font-size: 15px;\"><b>Tilda TEHARURU,<\/b> notre pr\u00e9sidente<\/li><li style=\"font-size: 15px;\"><b>Carine FLOCHLAY-NASSIET<\/b><span style=\"font-weight: 300;\"> et <b>Sylviane CACCIOLA\u00a0<\/b><\/span><span style=\"font-weight: 300;\">nos secr\u00e9taires<\/span><\/li><li style=\"font-size: 15px;\"><b>Sylviane CRABANAT, <\/b><span style=\"font-weight: 300;\">notre tr\u00e9sori\u00e8re<\/span><\/li><\/ul><p style=\"font-variant-ligatures: normal; font-variant-caps: normal; font-family: Lato; font-size: 15px; font-style: normal;\"><b><u>Nos amis prestataires :<\/u><\/b><\/p><ul style=\"margin-bottom: 0px; font-variant-ligatures: normal; font-variant-caps: normal; font-family: Lato; font-size: 15px; font-style: normal;\"><li style=\"font-size: 15px;\"><b>Ma\u00e9lie TRICOCHE\u00a0<\/b><span style=\"font-weight: 300;\">(Biologiste marin)<\/span><\/li><li style=\"font-size: 15px;\"><b>Emma ROQUE ABELLAN<\/b><span style=\"font-weight: 300;\"> (Animatrice patent\u00e9e)<\/span><\/li><\/ul><p>\u00a0<\/p>\t\t\t\t\t\t\t\t<\/div>\n\t\t\t\t<\/div>\n\t\t\t\t\t<\/div>\n\t\t<\/div>\n\t\t\t\t<div class=\"elementor-column elementor-col-50 elementor-top-column elementor-element elementor-element-af5a055\" data-id=\"af5a055\" data-element_type=\"column\" data-e-type=\"column\">\n\t\t\t<div class=\"elementor-widget-wrap elementor-element-populated\">\n\t\t\t\t\t\t<div class=\"elementor-element elementor-element-bee578c elementor-widget elementor-widget-image\" data-id=\"bee578c\" data-element_type=\"widget\" data-e-type=\"widget\" data-widget_type=\"image.default\">\n\t\t\t\t<div class=\"elementor-widget-container\">\n\t\t\t\t\t\t\t\t\t\t\t\t\t\t\t<img fetchpriority=\"high\" decoding=\"async\" width=\"768\" height=\"507\" src=\"https:\/\/tamariipointedespecheurs.org\/wp-content\/uploads\/2020\/05\/2020-Tamarii-Pointe-des-pe\u0302cheurs-21-768x507.png\" class=\"attachment-medium_large size-medium_large wp-image-12403\" alt=\"\" srcset=\"https:\/\/tamariipointedespecheurs.org\/wp-content\/uploads\/2020\/05\/2020-Tamarii-Pointe-des-pe\u0302cheurs-21-768x507.png 768w, https:\/\/tamariipointedespecheurs.org\/wp-content\/uploads\/2020\/05\/2020-Tamarii-Pointe-des-pe\u0302cheurs-21-300x198.png 300w, https:\/\/tamariipointedespecheurs.org\/wp-content\/uploads\/2020\/05\/2020-Tamarii-Pointe-des-pe\u0302cheurs-21-600x396.png 600w, https:\/\/tamariipointedespecheurs.org\/wp-content\/uploads\/2020\/05\/2020-Tamarii-Pointe-des-pe\u0302cheurs-21.png 962w\" sizes=\"(max-width: 768px) 100vw, 768px\" \/>\t\t\t\t\t\t\t\t\t\t\t\t\t\t\t<\/div>\n\t\t\t\t<\/div>\n\t\t\t\t\t<\/div>\n\t\t<\/div>\n\t\t\t\t\t<\/div>\n\t\t<\/section>\n\t\t\t\t<section class=\"elementor-section elementor-top-section elementor-element elementor-element-9142770 elementor-section-boxed elementor-section-height-default elementor-section-height-default\" data-id=\"9142770\" data-element_type=\"section\" data-e-type=\"section\">\n\t\t\t\t\t\t<div class=\"elementor-container elementor-column-gap-default\">\n\t\t\t\t\t<div class=\"elementor-column elementor-col-33 elementor-top-column elementor-element elementor-element-8d336e5\" data-id=\"8d336e5\" data-element_type=\"column\" data-e-type=\"column\">\n\t\t\t<div class=\"elementor-widget-wrap elementor-element-populated\">\n\t\t\t\t\t\t<div class=\"elementor-element elementor-element-34ac2ed elementor-widget elementor-widget-image\" data-id=\"34ac2ed\" data-element_type=\"widget\" data-e-type=\"widget\" data-widget_type=\"image.default\">\n\t\t\t\t<div class=\"elementor-widget-container\">\n\t\t\t\t\t\t\t\t\t\t\t\t\t\t\t<img decoding=\"async\" width=\"1024\" height=\"768\" src=\"https:\/\/tamariipointedespecheurs.org\/wp-content\/uploads\/2020\/05\/fond-large-1024x768.jpg\" class=\"attachment-large size-large wp-image-12636\" alt=\"\" srcset=\"https:\/\/tamariipointedespecheurs.org\/wp-content\/uploads\/2020\/05\/fond-large-1024x768.jpg 1024w, https:\/\/tamariipointedespecheurs.org\/wp-content\/uploads\/2020\/05\/fond-large-300x225.jpg 300w, https:\/\/tamariipointedespecheurs.org\/wp-content\/uploads\/2020\/05\/fond-large-768x576.jpg 768w, https:\/\/tamariipointedespecheurs.org\/wp-content\/uploads\/2020\/05\/fond-large-1536x1152.jpg 1536w, https:\/\/tamariipointedespecheurs.org\/wp-content\/uploads\/2020\/05\/fond-large-600x450.jpg 600w, https:\/\/tamariipointedespecheurs.org\/wp-content\/uploads\/2020\/05\/fond-large.jpg 2048w\" sizes=\"(max-width: 1024px) 100vw, 1024px\" \/>\t\t\t\t\t\t\t\t\t\t\t\t\t\t\t<\/div>\n\t\t\t\t<\/div>\n\t\t\t\t\t<\/div>\n\t\t<\/div>\n\t\t\t\t<div class=\"elementor-column elementor-col-66 elementor-top-column elementor-element elementor-element-d3c5739\" data-id=\"d3c5739\" data-element_type=\"column\" data-e-type=\"column\">\n\t\t\t<div class=\"elementor-widget-wrap elementor-element-populated\">\n\t\t\t\t\t\t<div class=\"elementor-element elementor-element-8d2dfda elementor-widget elementor-widget-text-editor\" data-id=\"8d2dfda\" data-element_type=\"widget\" data-e-type=\"widget\" data-widget_type=\"text-editor.default\">\n\t\t\t\t<div class=\"elementor-widget-container\">\n\t\t\t\t\t\t\t\t\t<p>Nous \u00e9crire :<\/p>\n<p><b>B.P. 380 666 Tamanu<br>98718 Punaauia<\/b><\/p>\n<p>Nous t\u00e9l\u00e9phoner :&nbsp;<b style=\"font-size: 15px;\">87 78 81 09<\/b><\/p>\n<p>Nous contacter par email :&nbsp;<b style=\"font-size: 15px;\">tamarii.pdp@gmail.com<\/b><\/p>\n<p>Nous contacter via messenger : <b>m.me\/TamariiPointeDesPecheurs<\/b><\/p>\t\t\t\t\t\t\t\t<\/div>\n\t\t\t\t<\/div>\n\t\t\t\t\t<\/div>\n\t\t<\/div>\n\t\t\t\t\t<\/div>\n\t\t<\/section>\n\t\t\t\t<section class=\"elementor-section elementor-top-section elementor-element elementor-element-3a7d04f elementor-section-boxed elementor-section-height-default elementor-section-height-default\" data-id=\"3a7d04f\" data-element_type=\"section\" data-e-type=\"section\">\n\t\t\t\t\t\t<div class=\"elementor-container elementor-column-gap-default\">\n\t\t\t\t\t<div class=\"elementor-column elementor-col-100 elementor-top-column elementor-element elementor-element-2778e37\" data-id=\"2778e37\" data-element_type=\"column\" data-e-type=\"column\">\n\t\t\t<div class=\"elementor-widget-wrap elementor-element-populated\">\n\t\t\t\t\t\t<div class=\"elementor-element elementor-element-e0b7688 elementor-widget elementor-widget-heading\" data-id=\"e0b7688\" data-element_type=\"widget\" data-e-type=\"widget\" data-widget_type=\"heading.default\">\n\t\t\t\t<div class=\"elementor-widget-container\">\n\t\t\t\t\t<h2 class=\"elementor-heading-title elementor-size-medium\">Nous trouver<\/h2>\t\t\t\t<\/div>\n\t\t\t\t<\/div>\n\t\t\t\t\t<\/div>\n\t\t<\/div>\n\t\t\t\t\t<\/div>\n\t\t<\/section>\n\t\t\t\t<section class=\"elementor-section elementor-top-section elementor-element elementor-element-a72339b elementor-section-boxed elementor-section-height-default elementor-section-height-default\" data-id=\"a72339b\" data-element_type=\"section\" data-e-type=\"section\">\n\t\t\t\t\t\t<div class=\"elementor-container elementor-column-gap-default\">\n\t\t\t\t\t<div class=\"elementor-column elementor-col-100 elementor-top-column elementor-element elementor-element-efcadd9\" data-id=\"efcadd9\" data-element_type=\"column\" data-e-type=\"column\">\n\t\t\t<div class=\"elementor-widget-wrap elementor-element-populated\">\n\t\t\t\t\t\t<div class=\"elementor-element elementor-element-8346a39 elementor-widget elementor-widget-google_maps\" data-id=\"8346a39\" data-element_type=\"widget\" data-e-type=\"widget\" data-widget_type=\"google_maps.default\">\n\t\t\t\t<div class=\"elementor-widget-container\">\n\t\t\t\t\t\t\t<div class=\"elementor-custom-embed\">\n\t\t\t<iframe loading=\"lazy\"\n\t\t\t\t\tsrc=\"https:\/\/maps.google.com\/maps?q=la%20pointe%20des%20p%C3%AAcheurs%2C%20Punaauia%2C%20Polyn%C3%A9sie%20Fran%C3%A7aise&#038;t=m&#038;z=10&#038;output=embed&#038;iwloc=near\"\n\t\t\t\t\ttitle=\"la pointe des p\u00eacheurs, Punaauia, Polyn\u00e9sie Fran\u00e7aise\"\n\t\t\t\t\taria-label=\"la pointe des p\u00eacheurs, Punaauia, Polyn\u00e9sie Fran\u00e7aise\"\n\t\t\t><\/iframe>\n\t\t<\/div>\n\t\t\t\t\t\t<\/div>\n\t\t\t\t<\/div>\n\t\t\t\t\t<\/div>\n\t\t<\/div>\n\t\t\t\t\t<\/div>\n\t\t<\/section>\n\t\t\t\t<\/div>\n\t\t","protected":false},"excerpt":{"rendered":"<p>Pour plus d&rsquo;informations, demandez : Tilda TEHARURU, notre pr\u00e9sidente Carine FLOCHLAY-NASSIET et Sylviane CACCIOLA\u00a0nos secr\u00e9taires Sylviane CRABANAT, notre tr\u00e9sori\u00e8re Nos amis prestataires : Ma\u00e9lie TRICOCHE\u00a0(Biologiste marin) Emma ROQUE ABELLAN (Animatrice patent\u00e9e) \u00a0 Nous \u00e9crire : B.P. 380 666 Tamanu98718 Punaauia Nous t\u00e9l\u00e9phoner :&nbsp;87 78 81 09 Nous contacter par email :&nbsp;tamarii.pdp@gmail.com Nous contacter via messenger : m.me\/TamariiPointeDesPecheurs Nous trouver<\/p>\n","protected":false},"author":1,"featured_media":0,"parent":0,"menu_order":0,"comment_status":"closed","ping_status":"closed","template":"","meta":{"ocean_post_layout":"","ocean_both_sidebars_style":"","ocean_both_sidebars_content_width":0,"ocean_both_sidebars_sidebars_width":0,"ocean_sidebar":"0","ocean_second_sidebar":"0","ocean_disable_margins":"enable","ocean_add_body_class":"","ocean_shortcode_before_top_bar":"","ocean_shortcode_after_top_bar":"","ocean_shortcode_before_header":"","ocean_shortcode_after_header":"","ocean_has_shortcode":"","ocean_shortcode_after_title":"","ocean_shortcode_before_footer_widgets":"","ocean_shortcode_after_footer_widgets":"","ocean_shortcode_before_footer_bottom":"","ocean_shortcode_after_footer_bottom":"","ocean_display_top_bar":"default","ocean_display_header":"default","ocean_header_style":"","ocean_center_header_left_menu":"0","ocean_custom_header_template":"0","ocean_custom_logo":0,"ocean_custom_retina_logo":0,"ocean_custom_logo_max_width":0,"ocean_custom_logo_tablet_max_width":0,"ocean_custom_logo_mobile_max_width":0,"ocean_custom_logo_max_height":0,"ocean_custom_logo_tablet_max_height":0,"ocean_custom_logo_mobile_max_height":0,"ocean_header_custom_menu":"0","ocean_menu_typo_font_family":"0","ocean_menu_typo_font_subset":"","ocean_menu_typo_font_size":0,"ocean_menu_typo_font_size_tablet":0,"ocean_menu_typo_font_size_mobile":0,"ocean_menu_typo_font_size_unit":"px","ocean_menu_typo_font_weight":"","ocean_menu_typo_font_weight_tablet":"","ocean_menu_typo_font_weight_mobile":"","ocean_menu_typo_transform":"","ocean_menu_typo_transform_tablet":"","ocean_menu_typo_transform_mobile":"","ocean_menu_typo_line_height":0,"ocean_menu_typo_line_height_tablet":0,"ocean_menu_typo_line_height_mobile":0,"ocean_menu_typo_line_height_unit":"","ocean_menu_typo_spacing":0,"ocean_menu_typo_spacing_tablet":0,"ocean_menu_typo_spacing_mobile":0,"ocean_menu_typo_spacing_unit":"","ocean_menu_link_color":"","ocean_menu_link_color_hover":"","ocean_menu_link_color_active":"","ocean_menu_link_background":"","ocean_menu_link_hover_background":"","ocean_menu_link_active_background":"","ocean_menu_social_links_bg":"","ocean_menu_social_hover_links_bg":"","ocean_menu_social_links_color":"","ocean_menu_social_hover_links_color":"","ocean_disable_title":"default","ocean_disable_heading":"default","ocean_post_title":"","ocean_post_subheading":"","ocean_post_title_style":"","ocean_post_title_background_color":"","ocean_post_title_background":0,"ocean_post_title_bg_image_position":"","ocean_post_title_bg_image_attachment":"","ocean_post_title_bg_image_repeat":"","ocean_post_title_bg_image_size":"","ocean_post_title_height":0,"ocean_post_title_bg_overlay":0.5,"ocean_post_title_bg_overlay_color":"","ocean_disable_breadcrumbs":"default","ocean_breadcrumbs_color":"","ocean_breadcrumbs_separator_color":"","ocean_breadcrumbs_links_color":"","ocean_breadcrumbs_links_hover_color":"","ocean_display_footer_widgets":"default","ocean_display_footer_bottom":"default","ocean_custom_footer_template":"0","footnotes":""},"class_list":["post-12196","page","type-page","status-publish","hentry","entry"],"jetpack_sharing_enabled":true,"_links":{"self":[{"href":"https:\/\/tamariipointedespecheurs.org\/index.php\/wp-json\/wp\/v2\/pages\/12196","targetHints":{"allow":["GET"]}}],"collection":[{"href":"https:\/\/tamariipointedespecheurs.org\/index.php\/wp-json\/wp\/v2\/pages"}],"about":[{"href":"https:\/\/tamariipointedespecheurs.org\/index.php\/wp-json\/wp\/v2\/types\/page"}],"author":[{"embeddable":true,"href":"https:\/\/tamariipointedespecheurs.org\/index.php\/wp-json\/wp\/v2\/users\/1"}],"replies":[{"embeddable":true,"href":"https:\/\/tamariipointedespecheurs.org\/index.php\/wp-json\/wp\/v2\/comments?post=12196"}],"version-history":[{"count":16,"href":"https:\/\/tamariipointedespecheurs.org\/index.php\/wp-json\/wp\/v2\/pages\/12196\/revisions"}],"predecessor-version":[{"id":12802,"href":"https:\/\/tamariipointedespecheurs.org\/index.php\/wp-json\/wp\/v2\/pages\/12196\/revisions\/12802"}],"wp:attachment":[{"href":"https:\/\/tamariipointedespecheurs.org\/index.php\/wp-json\/wp\/v2\/media?parent=12196"}],"curies":[{"name":"wp","href":"https:\/\/api.w.org\/{rel}","templated":true}]}}