{"id":12198,"date":"2020-05-06T09:30:54","date_gmt":"2020-05-06T19:30:54","guid":{"rendered":"https:\/\/tamariipointedespecheurs.org\/?page_id=12198"},"modified":"2026-01-17T10:09:18","modified_gmt":"2026-01-17T20:09:18","slug":"qui-sommes-nous","status":"publish","type":"page","link":"https:\/\/tamariipointedespecheurs.org\/index.php\/qui-sommes-nous\/","title":{"rendered":"Qui sommes-nous"},"content":{"rendered":"\t\t<div data-elementor-type=\"wp-page\" data-elementor-id=\"12198\" class=\"elementor elementor-12198\">\n\t\t\t\t\t\t<section class=\"elementor-section elementor-top-section elementor-element elementor-element-39d2c53d elementor-section-boxed elementor-section-height-default elementor-section-height-default\" data-id=\"39d2c53d\" data-element_type=\"section\" data-e-type=\"section\">\n\t\t\t\t\t\t<div class=\"elementor-container elementor-column-gap-default\">\n\t\t\t\t\t<div class=\"elementor-column elementor-col-100 elementor-top-column elementor-element elementor-element-3c900bbf\" data-id=\"3c900bbf\" data-element_type=\"column\" data-e-type=\"column\">\n\t\t\t<div class=\"elementor-widget-wrap elementor-element-populated\">\n\t\t\t\t\t\t<div class=\"elementor-element elementor-element-441087e elementor-widget elementor-widget-heading\" data-id=\"441087e\" data-element_type=\"widget\" data-e-type=\"widget\" data-widget_type=\"heading.default\">\n\t\t\t\t<div class=\"elementor-widget-container\">\n\t\t\t\t\t<h2 class=\"elementor-heading-title elementor-size-large\">Notre Histoire et nos valeurs<\/h2>\t\t\t\t<\/div>\n\t\t\t\t<\/div>\n\t\t\t\t<div class=\"elementor-element elementor-element-2039b2d6 elementor-widget__width-initial elementor-widget elementor-widget-text-editor\" data-id=\"2039b2d6\" data-element_type=\"widget\" data-e-type=\"widget\" data-widget_type=\"text-editor.default\">\n\t\t\t\t<div class=\"elementor-widget-container\">\n\t\t\t\t\t\t\t\t\t<p><strong>Tamari\u2019i Pointe des p\u00eacheurs<\/strong> est une associati<span style=\"font-weight: 400;\">on reconnue d\u2019int\u00e9r\u00eat g\u00e9n\u00e9ral, <\/span>cr\u00e9\u00e9e en 2008 par un groupe de p\u00eacheurs.<br \/>Son champ d\u2019action se situe au niveau de la zone de p\u00eache r\u00e9glement\u00e9e de la pointe des p\u00eacheurs, \u00e0 Punaauia. <img decoding=\"async\" class=\"emoji\" role=\"img\" draggable=\"false\" src=\"https:\/\/s.w.org\/images\/core\/emoji\/17.0.2\/svg\/1f420.svg\" alt=\"\ud83d\udc20\" \/><\/p><p><strong>A travers ses projets environnementaux, elle cherche \u00e0 :<\/strong><br \/><img decoding=\"async\" class=\"emoji\" role=\"img\" draggable=\"false\" src=\"https:\/\/s.w.org\/images\/core\/emoji\/17.0.2\/svg\/1f420.svg\" alt=\"\ud83d\udc20\" \/>\u00a0Enrichir le lagon de la pointe des p\u00eacheurs de boutures de coraux ;<br \/><img decoding=\"async\" class=\"emoji\" role=\"img\" draggable=\"false\" src=\"https:\/\/s.w.org\/images\/core\/emoji\/17.0.2\/svg\/1f420.svg\" alt=\"\ud83d\udc20\" \/>\u00a0Restaurer de petites zones lagonaires ;<br \/><img decoding=\"async\" class=\"emoji\" role=\"img\" draggable=\"false\" src=\"https:\/\/s.w.org\/images\/core\/emoji\/17.0.2\/svg\/1f420.svg\" alt=\"\ud83d\udc20\" \/>\u00a0Sensibiliser un nombre important d\u2019\u00e9l\u00e8ves et citoyens de diff\u00e9rentes communes de Tahiti et ses \u00eeles ;<br \/><img decoding=\"async\" class=\"emoji\" role=\"img\" draggable=\"false\" src=\"https:\/\/s.w.org\/images\/core\/emoji\/17.0.2\/svg\/1f420.svg\" alt=\"\ud83d\udc20\" \/>\u00a0Alerter de nombreuses entit\u00e9s de la soci\u00e9t\u00e9 civile locale et internationale sur l\u2019importance de prot\u00e9ger le milieu r\u00e9cifal et lagonaire.<\/p><p style=\"text-align: left;\"><strong>Pour atteindre ces objectifs, l\u2019association propose :<\/strong><br \/><img decoding=\"async\" class=\"emoji\" role=\"img\" draggable=\"false\" src=\"https:\/\/s.w.org\/images\/core\/emoji\/17.0.2\/svg\/21aa.svg\" alt=\"\u21aa\" \/>\u00a0Des matin\u00e9es <b>bouturage de coraux <\/b>;<br \/><img decoding=\"async\" class=\"emoji\" role=\"img\" draggable=\"false\" src=\"https:\/\/s.w.org\/images\/core\/emoji\/17.0.2\/svg\/21aa.svg\" alt=\"\u21aa\" \/> Des <b>parrainages de coraux<\/b> ;<br \/><img decoding=\"async\" class=\"emoji\" role=\"img\" draggable=\"false\" src=\"https:\/\/s.w.org\/images\/core\/emoji\/17.0.2\/svg\/21aa.svg\" alt=\"\u21aa\" \/>\u00a0<span style=\"text-decoration: underline;\">Des <\/span><b><span style=\"text-decoration: underline;\">ateliers \u00ab \u00e9co-citoyens<\/span> \u00bb<\/b> incluant de nombreux jeux et\u00a0activit\u00e9s afin de sensibiliser les nouvelles g\u00e9n\u00e9rations \u00e0 la\u00a0protection environnementale.<\/p>\t\t\t\t\t\t\t\t<\/div>\n\t\t\t\t<\/div>\n\t\t\t\t\t<\/div>\n\t\t<\/div>\n\t\t\t\t\t<\/div>\n\t\t<\/section>\n\t\t\t\t<section class=\"elementor-section elementor-top-section elementor-element elementor-element-71d6492 elementor-section-boxed elementor-section-height-default elementor-section-height-default\" data-id=\"71d6492\" data-element_type=\"section\" data-e-type=\"section\">\n\t\t\t\t\t\t<div class=\"elementor-container elementor-column-gap-default\">\n\t\t\t\t\t<div class=\"elementor-column elementor-col-100 elementor-top-column elementor-element elementor-element-0042e58\" data-id=\"0042e58\" data-element_type=\"column\" data-e-type=\"column\">\n\t\t\t<div class=\"elementor-widget-wrap elementor-element-populated\">\n\t\t\t\t\t\t<div class=\"elementor-element elementor-element-5f67aa5 elementor-invisible elementor-widget elementor-widget-heading\" data-id=\"5f67aa5\" data-element_type=\"widget\" data-e-type=\"widget\" data-settings=\"{&quot;_animation&quot;:&quot;fadeInDown&quot;}\" data-widget_type=\"heading.default\">\n\t\t\t\t<div class=\"elementor-widget-container\">\n\t\t\t\t\t<h2 class=\"elementor-heading-title elementor-size-large\">Notre \u00e9quipe<\/h2>\t\t\t\t<\/div>\n\t\t\t\t<\/div>\n\t\t\t\t\t<\/div>\n\t\t<\/div>\n\t\t\t\t\t<\/div>\n\t\t<\/section>\n\t\t\t\t<section class=\"elementor-section elementor-top-section elementor-element elementor-element-54a3dc8 elementor-section-boxed elementor-section-height-default elementor-section-height-default\" data-id=\"54a3dc8\" data-element_type=\"section\" data-e-type=\"section\">\n\t\t\t\t\t\t<div class=\"elementor-container elementor-column-gap-default\">\n\t\t\t\t\t<div class=\"elementor-column elementor-col-50 elementor-top-column elementor-element elementor-element-2a97c27\" data-id=\"2a97c27\" data-element_type=\"column\" data-e-type=\"column\">\n\t\t\t<div class=\"elementor-widget-wrap elementor-element-populated\">\n\t\t\t\t\t\t<div class=\"elementor-element elementor-element-7062567 elementor-widget elementor-widget-image\" data-id=\"7062567\" data-element_type=\"widget\" data-e-type=\"widget\" data-widget_type=\"image.default\">\n\t\t\t\t<div class=\"elementor-widget-container\">\n\t\t\t\t\t\t\t\t\t\t\t\t\t\t\t<img fetchpriority=\"high\" decoding=\"async\" width=\"480\" height=\"360\" src=\"https:\/\/tamariipointedespecheurs.org\/wp-content\/uploads\/2020\/05\/QUI-SONNES-NOUS-LONG-1.jpg\" class=\"attachment-large size-large wp-image-12615\" alt=\"\" srcset=\"https:\/\/tamariipointedespecheurs.org\/wp-content\/uploads\/2020\/05\/QUI-SONNES-NOUS-LONG-1.jpg 480w, https:\/\/tamariipointedespecheurs.org\/wp-content\/uploads\/2020\/05\/QUI-SONNES-NOUS-LONG-1-300x225.jpg 300w\" sizes=\"(max-width: 480px) 100vw, 480px\" \/>\t\t\t\t\t\t\t\t\t\t\t\t\t\t\t<\/div>\n\t\t\t\t<\/div>\n\t\t\t\t\t<\/div>\n\t\t<\/div>\n\t\t\t\t<div class=\"elementor-column elementor-col-50 elementor-top-column elementor-element elementor-element-e8d7932\" data-id=\"e8d7932\" data-element_type=\"column\" data-e-type=\"column\">\n\t\t\t<div class=\"elementor-widget-wrap elementor-element-populated\">\n\t\t\t\t\t\t<div class=\"elementor-element elementor-element-5a7ac33 elementor-widget elementor-widget-text-editor\" data-id=\"5a7ac33\" data-element_type=\"widget\" data-e-type=\"widget\" data-widget_type=\"text-editor.default\">\n\t\t\t\t<div class=\"elementor-widget-container\">\n\t\t\t\t\t\t\t\t\t<p>Les membres du bureau, b\u00e9n\u00e9voles, sont tous tr\u00e8s impliqu\u00e9s dans les programmes de l\u2019association.<\/p><ul><li><strong>Les b\u00e9n\u00e9voles, le c\u0153ur de notre association :\u00a0<\/strong><\/li><\/ul><p>Une vingtaine de personnes travaillent selon leurs disponibilit\u00e9s sur le programme de bouturage de coraux et sont amen\u00e9es \u00e0 promouvoir les adoptions.<\/p><ul><li><strong>Fenua Environnement, la caution scientifique :<\/strong><br \/>Fenua Environnement nous apporte une caution scientifique \u00e0 nos activit\u00e9s.<\/li><\/ul>\t\t\t\t\t\t\t\t<\/div>\n\t\t\t\t<\/div>\n\t\t\t\t\t<\/div>\n\t\t<\/div>\n\t\t\t\t\t<\/div>\n\t\t<\/section>\n\t\t\t\t<section class=\"elementor-section elementor-top-section elementor-element elementor-element-1fe7e53 elementor-section-boxed elementor-section-height-default elementor-section-height-default\" data-id=\"1fe7e53\" data-element_type=\"section\" data-e-type=\"section\">\n\t\t\t\t\t\t<div class=\"elementor-container elementor-column-gap-default\">\n\t\t\t\t\t<div class=\"elementor-column elementor-col-100 elementor-top-column elementor-element elementor-element-7e5f935\" data-id=\"7e5f935\" data-element_type=\"column\" data-e-type=\"column\">\n\t\t\t<div class=\"elementor-widget-wrap elementor-element-populated\">\n\t\t\t\t\t\t<div class=\"elementor-element elementor-element-81c9e91 elementor-widget elementor-widget-heading\" data-id=\"81c9e91\" data-element_type=\"widget\" data-e-type=\"widget\" data-widget_type=\"heading.default\">\n\t\t\t\t<div class=\"elementor-widget-container\">\n\t\t\t\t\t<h2 class=\"elementor-heading-title elementor-size-large\">Nos partenaires<\/h2>\t\t\t\t<\/div>\n\t\t\t\t<\/div>\n\t\t\t\t\t<\/div>\n\t\t<\/div>\n\t\t\t\t\t<\/div>\n\t\t<\/section>\n\t\t\t\t<section class=\"elementor-section elementor-top-section elementor-element elementor-element-642fe00 elementor-section-boxed elementor-section-height-default elementor-section-height-default\" data-id=\"642fe00\" data-element_type=\"section\" data-e-type=\"section\">\n\t\t\t\t\t\t<div class=\"elementor-container elementor-column-gap-default\">\n\t\t\t\t\t<div class=\"elementor-column elementor-col-100 elementor-top-column elementor-element elementor-element-668dbef\" data-id=\"668dbef\" data-element_type=\"column\" data-e-type=\"column\">\n\t\t\t<div class=\"elementor-widget-wrap elementor-element-populated\">\n\t\t\t\t\t\t<div class=\"elementor-element elementor-element-6dbba0d elementor-arrows-position-outside elementor-pagination-position-outside elementor-invisible elementor-widget elementor-widget-image-carousel\" data-id=\"6dbba0d\" data-element_type=\"widget\" data-e-type=\"widget\" data-settings=\"{&quot;_animation&quot;:&quot;fadeInRight&quot;,&quot;navigation&quot;:&quot;both&quot;,&quot;autoplay&quot;:&quot;yes&quot;,&quot;pause_on_hover&quot;:&quot;yes&quot;,&quot;pause_on_interaction&quot;:&quot;yes&quot;,&quot;autoplay_speed&quot;:5000,&quot;infinite&quot;:&quot;yes&quot;,&quot;speed&quot;:500}\" data-widget_type=\"image-carousel.default\">\n\t\t\t\t<div class=\"elementor-widget-container\">\n\t\t\t\t\t\t\t<div class=\"elementor-image-carousel-wrapper swiper\" role=\"region\" aria-roledescription=\"carousel\" aria-label=\"Carrousel d\u2019images\" dir=\"ltr\">\n\t\t\t<div class=\"elementor-image-carousel swiper-wrapper\" aria-live=\"off\">\n\t\t\t\t\t\t\t\t<div class=\"swiper-slide\" role=\"group\" aria-roledescription=\"slide\" aria-label=\"1 sur 8\"><figure class=\"swiper-slide-inner\"><img decoding=\"async\" class=\"swiper-slide-image\" src=\"https:\/\/tamariipointedespecheurs.org\/wp-content\/uploads\/2020\/05\/te\u0301le\u0301chargement-1.jpeg\" alt=\"te\u0301le\u0301chargement (1)\" \/><\/figure><\/div><div class=\"swiper-slide\" role=\"group\" aria-roledescription=\"slide\" aria-label=\"2 sur 8\"><figure class=\"swiper-slide-inner\"><img decoding=\"async\" class=\"swiper-slide-image\" src=\"https:\/\/tamariipointedespecheurs.org\/wp-content\/uploads\/2020\/05\/te\u0301le\u0301chargement-1-300x144.png\" alt=\"te\u0301le\u0301chargement (1)\" \/><\/figure><\/div><div class=\"swiper-slide\" role=\"group\" aria-roledescription=\"slide\" aria-label=\"3 sur 8\"><figure class=\"swiper-slide-inner\"><img decoding=\"async\" class=\"swiper-slide-image\" src=\"https:\/\/tamariipointedespecheurs.org\/wp-content\/uploads\/2020\/05\/te\u0301le\u0301chargement-2.jpeg\" alt=\"te\u0301le\u0301chargement (2)\" \/><\/figure><\/div><div class=\"swiper-slide\" role=\"group\" aria-roledescription=\"slide\" aria-label=\"4 sur 8\"><figure class=\"swiper-slide-inner\"><img decoding=\"async\" class=\"swiper-slide-image\" src=\"https:\/\/tamariipointedespecheurs.org\/wp-content\/uploads\/2020\/05\/te\u0301le\u0301chargement-2.png\" alt=\"te\u0301le\u0301chargement (2)\" \/><\/figure><\/div><div class=\"swiper-slide\" role=\"group\" aria-roledescription=\"slide\" aria-label=\"5 sur 8\"><figure class=\"swiper-slide-inner\"><img decoding=\"async\" class=\"swiper-slide-image\" src=\"https:\/\/tamariipointedespecheurs.org\/wp-content\/uploads\/2020\/05\/te\u0301le\u0301chargement-3.jpeg\" alt=\"te\u0301le\u0301chargement (3)\" \/><\/figure><\/div><div class=\"swiper-slide\" role=\"group\" aria-roledescription=\"slide\" aria-label=\"6 sur 8\"><figure class=\"swiper-slide-inner\"><img decoding=\"async\" class=\"swiper-slide-image\" src=\"https:\/\/tamariipointedespecheurs.org\/wp-content\/uploads\/2020\/05\/te\u0301le\u0301chargement-4.jpeg\" alt=\"te\u0301le\u0301chargement (4)\" \/><\/figure><\/div><div class=\"swiper-slide\" role=\"group\" aria-roledescription=\"slide\" aria-label=\"7 sur 8\"><figure class=\"swiper-slide-inner\"><img decoding=\"async\" class=\"swiper-slide-image\" src=\"https:\/\/tamariipointedespecheurs.org\/wp-content\/uploads\/2020\/05\/te\u0301le\u0301chargement-300x118.png\" alt=\"te\u0301le\u0301chargement\" \/><\/figure><\/div><div class=\"swiper-slide\" role=\"group\" aria-roledescription=\"slide\" aria-label=\"8 sur 8\"><figure class=\"swiper-slide-inner\"><img decoding=\"async\" class=\"swiper-slide-image\" src=\"https:\/\/tamariipointedespecheurs.org\/wp-content\/uploads\/2024\/09\/17.-BANQUE-DE-TAHITI-300x101.png\" alt=\"17. BANQUE DE TAHITI\" \/><\/figure><\/div>\t\t\t<\/div>\n\t\t\t\t\t\t\t\t\t\t\t\t<div class=\"elementor-swiper-button elementor-swiper-button-prev\" role=\"button\" tabindex=\"0\">\n\t\t\t\t\t\t<i aria-hidden=\"true\" class=\"eicon-chevron-left\"><\/i>\t\t\t\t\t<\/div>\n\t\t\t\t\t<div class=\"elementor-swiper-button elementor-swiper-button-next\" role=\"button\" tabindex=\"0\">\n\t\t\t\t\t\t<i aria-hidden=\"true\" class=\"eicon-chevron-right\"><\/i>\t\t\t\t\t<\/div>\n\t\t\t\t\n\t\t\t\t\t\t\t\t\t<div class=\"swiper-pagination\"><\/div>\n\t\t\t\t\t\t\t\t\t<\/div>\n\t\t\t\t\t\t<\/div>\n\t\t\t\t<\/div>\n\t\t\t\t\t<\/div>\n\t\t<\/div>\n\t\t\t\t\t<\/div>\n\t\t<\/section>\n\t\t\t\t<\/div>\n\t\t","protected":false},"excerpt":{"rendered":"<p>Notre Histoire et nos valeurs Tamari\u2019i Pointe des p\u00eacheurs est une association reconnue d\u2019int\u00e9r\u00eat g\u00e9n\u00e9ral, cr\u00e9\u00e9e en 2008 par un groupe de p\u00eacheurs.Son champ d\u2019action se situe au niveau de la zone de p\u00eache r\u00e9glement\u00e9e de la pointe des p\u00eacheurs, \u00e0 Punaauia. A travers ses projets environnementaux, elle cherche \u00e0 :\u00a0Enrichir le lagon de la pointe des p\u00eacheurs de boutures de coraux ;\u00a0Restaurer de petites zones lagonaires ;\u00a0Sensibiliser un nombre important d\u2019\u00e9l\u00e8ves et citoyens de [&hellip;]<\/p>\n","protected":false},"author":1,"featured_media":0,"parent":0,"menu_order":0,"comment_status":"closed","ping_status":"closed","template":"","meta":{"ocean_post_layout":"","ocean_both_sidebars_style":"","ocean_both_sidebars_content_width":0,"ocean_both_sidebars_sidebars_width":0,"ocean_sidebar":"0","ocean_second_sidebar":"0","ocean_disable_margins":"enable","ocean_add_body_class":"","ocean_shortcode_before_top_bar":"","ocean_shortcode_after_top_bar":"","ocean_shortcode_before_header":"","ocean_shortcode_after_header":"","ocean_has_shortcode":"","ocean_shortcode_after_title":"","ocean_shortcode_before_footer_widgets":"","ocean_shortcode_after_footer_widgets":"","ocean_shortcode_before_footer_bottom":"","ocean_shortcode_after_footer_bottom":"","ocean_display_top_bar":"default","ocean_display_header":"default","ocean_header_style":"","ocean_center_header_left_menu":"0","ocean_custom_header_template":"0","ocean_custom_logo":0,"ocean_custom_retina_logo":0,"ocean_custom_logo_max_width":0,"ocean_custom_logo_tablet_max_width":0,"ocean_custom_logo_mobile_max_width":0,"ocean_custom_logo_max_height":0,"ocean_custom_logo_tablet_max_height":0,"ocean_custom_logo_mobile_max_height":0,"ocean_header_custom_menu":"0","ocean_menu_typo_font_family":"0","ocean_menu_typo_font_subset":"","ocean_menu_typo_font_size":0,"ocean_menu_typo_font_size_tablet":0,"ocean_menu_typo_font_size_mobile":0,"ocean_menu_typo_font_size_unit":"px","ocean_menu_typo_font_weight":"","ocean_menu_typo_font_weight_tablet":"","ocean_menu_typo_font_weight_mobile":"","ocean_menu_typo_transform":"","ocean_menu_typo_transform_tablet":"","ocean_menu_typo_transform_mobile":"","ocean_menu_typo_line_height":0,"ocean_menu_typo_line_height_tablet":0,"ocean_menu_typo_line_height_mobile":0,"ocean_menu_typo_line_height_unit":"","ocean_menu_typo_spacing":0,"ocean_menu_typo_spacing_tablet":0,"ocean_menu_typo_spacing_mobile":0,"ocean_menu_typo_spacing_unit":"","ocean_menu_link_color":"","ocean_menu_link_color_hover":"","ocean_menu_link_color_active":"","ocean_menu_link_background":"","ocean_menu_link_hover_background":"","ocean_menu_link_active_background":"","ocean_menu_social_links_bg":"","ocean_menu_social_hover_links_bg":"","ocean_menu_social_links_color":"","ocean_menu_social_hover_links_color":"","ocean_disable_title":"default","ocean_disable_heading":"default","ocean_post_title":"","ocean_post_subheading":"","ocean_post_title_style":"","ocean_post_title_background_color":"","ocean_post_title_background":0,"ocean_post_title_bg_image_position":"","ocean_post_title_bg_image_attachment":"","ocean_post_title_bg_image_repeat":"","ocean_post_title_bg_image_size":"","ocean_post_title_height":0,"ocean_post_title_bg_overlay":0.5,"ocean_post_title_bg_overlay_color":"","ocean_disable_breadcrumbs":"default","ocean_breadcrumbs_color":"","ocean_breadcrumbs_separator_color":"","ocean_breadcrumbs_links_color":"","ocean_breadcrumbs_links_hover_color":"","ocean_display_footer_widgets":"default","ocean_display_footer_bottom":"default","ocean_custom_footer_template":"0","footnotes":""},"class_list":["post-12198","page","type-page","status-publish","hentry","entry"],"jetpack_sharing_enabled":true,"_links":{"self":[{"href":"https:\/\/tamariipointedespecheurs.org\/index.php\/wp-json\/wp\/v2\/pages\/12198","targetHints":{"allow":["GET"]}}],"collection":[{"href":"https:\/\/tamariipointedespecheurs.org\/index.php\/wp-json\/wp\/v2\/pages"}],"about":[{"href":"https:\/\/tamariipointedespecheurs.org\/index.php\/wp-json\/wp\/v2\/types\/page"}],"author":[{"embeddable":true,"href":"https:\/\/tamariipointedespecheurs.org\/index.php\/wp-json\/wp\/v2\/users\/1"}],"replies":[{"embeddable":true,"href":"https:\/\/tamariipointedespecheurs.org\/index.php\/wp-json\/wp\/v2\/comments?post=12198"}],"version-history":[{"count":32,"href":"https:\/\/tamariipointedespecheurs.org\/index.php\/wp-json\/wp\/v2\/pages\/12198\/revisions"}],"predecessor-version":[{"id":12773,"href":"https:\/\/tamariipointedespecheurs.org\/index.php\/wp-json\/wp\/v2\/pages\/12198\/revisions\/12773"}],"wp:attachment":[{"href":"https:\/\/tamariipointedespecheurs.org\/index.php\/wp-json\/wp\/v2\/media?parent=12198"}],"curies":[{"name":"wp","href":"https:\/\/api.w.org\/{rel}","templated":true}]}}