{"id":12213,"date":"2020-05-06T09:38:30","date_gmt":"2020-05-06T19:38:30","guid":{"rendered":"https:\/\/tamariipointedespecheurs.org\/?page_id=12213"},"modified":"2026-03-27T16:26:38","modified_gmt":"2026-03-28T02:26:38","slug":"nous-soutenir","status":"publish","type":"page","link":"https:\/\/tamariipointedespecheurs.org\/index.php\/nous-soutenir\/","title":{"rendered":"Nous soutenir"},"content":{"rendered":"\t\t<div data-elementor-type=\"wp-page\" data-elementor-id=\"12213\" class=\"elementor elementor-12213\">\n\t\t\t\t\t\t<section class=\"elementor-section elementor-top-section elementor-element elementor-element-db1fbec elementor-section-boxed elementor-section-height-default elementor-section-height-default\" data-id=\"db1fbec\" data-element_type=\"section\" data-e-type=\"section\">\n\t\t\t\t\t\t<div class=\"elementor-container elementor-column-gap-default\">\n\t\t\t\t\t<div class=\"elementor-column elementor-col-50 elementor-top-column elementor-element elementor-element-5c86ea7\" data-id=\"5c86ea7\" data-element_type=\"column\" data-e-type=\"column\">\n\t\t\t<div class=\"elementor-widget-wrap elementor-element-populated\">\n\t\t\t\t\t\t<div class=\"elementor-element elementor-element-00c174f elementor-widget elementor-widget-text-editor\" data-id=\"00c174f\" data-element_type=\"widget\" data-e-type=\"widget\" data-widget_type=\"text-editor.default\">\n\t\t\t\t<div class=\"elementor-widget-container\">\n\t\t\t\t\t\t\t\t\t<p><span style=\"text-decoration: underline;\">Vous pouvez nous soutenir :<\/span><\/p>\n<ol>\n<li>En adoptant un corail pour 1 000 xpf avec un certificat d&rsquo;adoption<\/li>\n<li>En devenant b\u00e9n\u00e9vole avec les \u00ab\u00a0jardiniers du lagon\u00a0\u00bb&nbsp;<\/li>\n<li>En participant \u00e0 des missions \u00e9co-volontaires<\/li>\n<li>En nous aidant par simple donation&nbsp;<\/li>\n<li>En likant nos pages Instagram et Facebook<\/li>\n<li>Et bien-s\u00fbr en respectant notre Fenua et nos lagons !<\/li>\n<\/ol>\t\t\t\t\t\t\t\t<\/div>\n\t\t\t\t<\/div>\n\t\t\t\t<div class=\"elementor-element elementor-element-3dd40b5 elementor-shape-rounded elementor-grid-0 e-grid-align-center elementor-widget elementor-widget-social-icons\" data-id=\"3dd40b5\" data-element_type=\"widget\" data-e-type=\"widget\" data-widget_type=\"social-icons.default\">\n\t\t\t\t<div class=\"elementor-widget-container\">\n\t\t\t\t\t\t\t<div class=\"elementor-social-icons-wrapper elementor-grid\" role=\"list\">\n\t\t\t\t\t\t\t<span class=\"elementor-grid-item\" role=\"listitem\">\n\t\t\t\t\t<a class=\"elementor-icon elementor-social-icon elementor-social-icon-facebook elementor-repeater-item-7e0d4be\" href=\"https:\/\/www.facebook.com\/TamariiPointeDesPecheurs\/\" target=\"_blank\">\n\t\t\t\t\t\t<span class=\"elementor-screen-only\">Facebook<\/span>\n\t\t\t\t\t\t<i aria-hidden=\"true\" class=\"fab fa-facebook\"><\/i>\t\t\t\t\t<\/a>\n\t\t\t\t<\/span>\n\t\t\t\t\t\t\t<span class=\"elementor-grid-item\" role=\"listitem\">\n\t\t\t\t\t<a class=\"elementor-icon elementor-social-icon elementor-social-icon-instagram elementor-repeater-item-653bc1b\" href=\"https:\/\/www.instagram.com\/tamarii_tahiti\/\" target=\"_blank\">\n\t\t\t\t\t\t<span class=\"elementor-screen-only\">Instagram<\/span>\n\t\t\t\t\t\t<i aria-hidden=\"true\" class=\"fab fa-instagram\"><\/i>\t\t\t\t\t<\/a>\n\t\t\t\t<\/span>\n\t\t\t\t\t<\/div>\n\t\t\t\t\t\t<\/div>\n\t\t\t\t<\/div>\n\t\t\t\t\t<\/div>\n\t\t<\/div>\n\t\t\t\t<div class=\"elementor-column elementor-col-50 elementor-top-column elementor-element elementor-element-248ab14\" data-id=\"248ab14\" data-element_type=\"column\" data-e-type=\"column\">\n\t\t\t<div class=\"elementor-widget-wrap elementor-element-populated\">\n\t\t\t\t\t\t<div class=\"elementor-element elementor-element-1eb9e87 elementor-widget elementor-widget-image\" data-id=\"1eb9e87\" data-element_type=\"widget\" data-e-type=\"widget\" data-widget_type=\"image.default\">\n\t\t\t\t<div class=\"elementor-widget-container\">\n\t\t\t\t\t\t\t\t\t\t\t\t\t\t\t<img fetchpriority=\"high\" decoding=\"async\" width=\"768\" height=\"1024\" src=\"https:\/\/tamariipointedespecheurs.org\/wp-content\/uploads\/2020\/04\/TAMAR-2-768x1024.jpg\" class=\"attachment-medium_large size-medium_large wp-image-12162\" alt=\"\" srcset=\"https:\/\/tamariipointedespecheurs.org\/wp-content\/uploads\/2020\/04\/TAMAR-2-768x1024.jpg 768w, https:\/\/tamariipointedespecheurs.org\/wp-content\/uploads\/2020\/04\/TAMAR-2-225x300.jpg 225w, https:\/\/tamariipointedespecheurs.org\/wp-content\/uploads\/2020\/04\/TAMAR-2-1152x1536.jpg 1152w, https:\/\/tamariipointedespecheurs.org\/wp-content\/uploads\/2020\/04\/TAMAR-2-600x800.jpg 600w, https:\/\/tamariipointedespecheurs.org\/wp-content\/uploads\/2020\/04\/TAMAR-2.jpg 1536w\" sizes=\"(max-width: 768px) 100vw, 768px\" \/>\t\t\t\t\t\t\t\t\t\t\t\t\t\t\t<\/div>\n\t\t\t\t<\/div>\n\t\t\t\t\t<\/div>\n\t\t<\/div>\n\t\t\t\t\t<\/div>\n\t\t<\/section>\n\t\t\t\t<\/div>\n\t\t","protected":false},"excerpt":{"rendered":"<p>Vous pouvez nous soutenir : En adoptant un corail pour 1 000 xpf avec un certificat d&rsquo;adoption En devenant b\u00e9n\u00e9vole avec les \u00ab\u00a0jardiniers du lagon\u00a0\u00bb&nbsp; En participant \u00e0 des missions \u00e9co-volontaires En nous aidant par simple donation&nbsp; En likant nos pages Instagram et Facebook Et bien-s\u00fbr en respectant notre Fenua et nos lagons ! Facebook Instagram<\/p>\n","protected":false},"author":1,"featured_media":0,"parent":0,"menu_order":0,"comment_status":"closed","ping_status":"closed","template":"","meta":{"ocean_post_layout":"","ocean_both_sidebars_style":"","ocean_both_sidebars_content_width":0,"ocean_both_sidebars_sidebars_width":0,"ocean_sidebar":"0","ocean_second_sidebar":"0","ocean_disable_margins":"enable","ocean_add_body_class":"","ocean_shortcode_before_top_bar":"","ocean_shortcode_after_top_bar":"","ocean_shortcode_before_header":"","ocean_shortcode_after_header":"","ocean_has_shortcode":"","ocean_shortcode_after_title":"","ocean_shortcode_before_footer_widgets":"","ocean_shortcode_after_footer_widgets":"","ocean_shortcode_before_footer_bottom":"","ocean_shortcode_after_footer_bottom":"","ocean_display_top_bar":"default","ocean_display_header":"default","ocean_header_style":"","ocean_center_header_left_menu":"0","ocean_custom_header_template":"0","ocean_custom_logo":0,"ocean_custom_retina_logo":0,"ocean_custom_logo_max_width":0,"ocean_custom_logo_tablet_max_width":0,"ocean_custom_logo_mobile_max_width":0,"ocean_custom_logo_max_height":0,"ocean_custom_logo_tablet_max_height":0,"ocean_custom_logo_mobile_max_height":0,"ocean_header_custom_menu":"0","ocean_menu_typo_font_family":"0","ocean_menu_typo_font_subset":"","ocean_menu_typo_font_size":0,"ocean_menu_typo_font_size_tablet":0,"ocean_menu_typo_font_size_mobile":0,"ocean_menu_typo_font_size_unit":"px","ocean_menu_typo_font_weight":"","ocean_menu_typo_font_weight_tablet":"","ocean_menu_typo_font_weight_mobile":"","ocean_menu_typo_transform":"","ocean_menu_typo_transform_tablet":"","ocean_menu_typo_transform_mobile":"","ocean_menu_typo_line_height":0,"ocean_menu_typo_line_height_tablet":0,"ocean_menu_typo_line_height_mobile":0,"ocean_menu_typo_line_height_unit":"","ocean_menu_typo_spacing":0,"ocean_menu_typo_spacing_tablet":0,"ocean_menu_typo_spacing_mobile":0,"ocean_menu_typo_spacing_unit":"","ocean_menu_link_color":"","ocean_menu_link_color_hover":"","ocean_menu_link_color_active":"","ocean_menu_link_background":"","ocean_menu_link_hover_background":"","ocean_menu_link_active_background":"","ocean_menu_social_links_bg":"","ocean_menu_social_hover_links_bg":"","ocean_menu_social_links_color":"","ocean_menu_social_hover_links_color":"","ocean_disable_title":"default","ocean_disable_heading":"default","ocean_post_title":"","ocean_post_subheading":"","ocean_post_title_style":"","ocean_post_title_background_color":"","ocean_post_title_background":0,"ocean_post_title_bg_image_position":"","ocean_post_title_bg_image_attachment":"","ocean_post_title_bg_image_repeat":"","ocean_post_title_bg_image_size":"","ocean_post_title_height":0,"ocean_post_title_bg_overlay":0.5,"ocean_post_title_bg_overlay_color":"","ocean_disable_breadcrumbs":"default","ocean_breadcrumbs_color":"","ocean_breadcrumbs_separator_color":"","ocean_breadcrumbs_links_color":"","ocean_breadcrumbs_links_hover_color":"","ocean_display_footer_widgets":"default","ocean_display_footer_bottom":"default","ocean_custom_footer_template":"0","footnotes":""},"class_list":["post-12213","page","type-page","status-publish","hentry","entry"],"jetpack_sharing_enabled":true,"_links":{"self":[{"href":"https:\/\/tamariipointedespecheurs.org\/index.php\/wp-json\/wp\/v2\/pages\/12213","targetHints":{"allow":["GET"]}}],"collection":[{"href":"https:\/\/tamariipointedespecheurs.org\/index.php\/wp-json\/wp\/v2\/pages"}],"about":[{"href":"https:\/\/tamariipointedespecheurs.org\/index.php\/wp-json\/wp\/v2\/types\/page"}],"author":[{"embeddable":true,"href":"https:\/\/tamariipointedespecheurs.org\/index.php\/wp-json\/wp\/v2\/users\/1"}],"replies":[{"embeddable":true,"href":"https:\/\/tamariipointedespecheurs.org\/index.php\/wp-json\/wp\/v2\/comments?post=12213"}],"version-history":[{"count":9,"href":"https:\/\/tamariipointedespecheurs.org\/index.php\/wp-json\/wp\/v2\/pages\/12213\/revisions"}],"predecessor-version":[{"id":12806,"href":"https:\/\/tamariipointedespecheurs.org\/index.php\/wp-json\/wp\/v2\/pages\/12213\/revisions\/12806"}],"wp:attachment":[{"href":"https:\/\/tamariipointedespecheurs.org\/index.php\/wp-json\/wp\/v2\/media?parent=12213"}],"curies":[{"name":"wp","href":"https:\/\/api.w.org\/{rel}","templated":true}]}}